{"id":31,"date":"2022-11-08T13:21:44","date_gmt":"2022-11-08T12:21:44","guid":{"rendered":"https:\/\/bardoamanha.de\/?page_id=31"},"modified":"2022-11-10T18:32:55","modified_gmt":"2022-11-10T17:32:55","slug":"bar-do-amanha","status":"publish","type":"page","link":"https:\/\/bardoamanha.de\/de\/","title":{"rendered":"WORKSHOP 17. BIS 19. NOVEMBER 2022"},"content":{"rendered":"<p><\/p>\n\n\n\n<figure class=\"wp-block-gallery has-nested-images columns-default is-cropped wp-block-gallery-1 is-layout-flex wp-block-gallery-is-layout-flex\">\n<figure class=\"wp-block-image size-large\"><img loading=\"lazy\" decoding=\"async\" width=\"1024\" height=\"642\" data-id=\"30\" src=\"https:\/\/bardoamanha.de\/wp-content\/uploads\/2022\/11\/Web-image-screen-1024x642.jpg\" alt=\"Workshop on Hospitality\" class=\"wp-image-30\" srcset=\"https:\/\/bardoamanha.de\/wp-content\/uploads\/2022\/11\/Web-image-screen-1024x642.jpg 1024w, https:\/\/bardoamanha.de\/wp-content\/uploads\/2022\/11\/Web-image-screen-300x188.jpg 300w, https:\/\/bardoamanha.de\/wp-content\/uploads\/2022\/11\/Web-image-screen-768x482.jpg 768w, https:\/\/bardoamanha.de\/wp-content\/uploads\/2022\/11\/Web-image-screen.jpg 1276w\" sizes=\"auto, (max-width: 1024px) 100vw, 1024px\" \/><\/figure>\n<\/figure>\n\n\n\n<h2 class=\"has-text-align-center wp-block-heading\">Registrierung f\u00fcr die Teilnahme hier:<\/h2>\n\n\n\n<p class=\"has-text-align-center\"><a href=\"https:\/\/forms.gle\/pWiWe41ACC5f7KRRA\">https:\/\/forms.gle\/pWiWe41ACC5f7KRRA<\/a><\/p>\n\n\n\n<p><strong>What Is Your Image of Welcoming?<br>F\u00fcr die kommenden gesellschaftlichen Transformationen brauchen wir Orte zum Feiern<\/strong><\/p>\n\n\n\n<p><em>Bar do Amanh\u00e3<\/em> l\u00e4dt euch zu diesem Workshop ein, um kollaborativ andere Formen der Gastfreundlichkeit zu untersuchen - auf einem querverlaufenden, randst\u00e4ndigen, unsteten und radikalen Weg.<\/p>\n\n\n\n<p>Wir werden uns dar\u00fcber austauschen, wie Kulturen des Willkommenhei\u00dfens organisiert werden k\u00f6nnen. Sei es mit Deinen Freunden, einer Organisation, einer Bar oder einem Nachtclub:<\/p>\n\n\n\n<p>Wir werden \u00dcbungen machen, um die Rolle des F\u00fcreinander-Sorgens neu zu denken.<br>Wir werden gemeinsam Zutaten probieren, um Cocktails zu kreieren.<br>Wir werden versuchen, \u00fcber die vorgegebenen Formen von \u201egutem Geschmack\u201c, Eleganz oder Raffinesse hinauszugehen.<br>Wir m\u00f6chten uns mit euch in einen gemeinsamen Lernprozess und Erfahrungsaustausch begeben zu unterschiedlichen Gastlichkeitsvorstellungen, K\u00f6rpern, ritualisierten Protokollen und Organisationsmethoden.<\/p>\n\n\n\n<p>Und weil wir f\u00fcr die kommenden gesellschaftlichen Transformationen Orte zum Feiern brauchen, werden wir nach diesem Workshop einen offenen Abend organisieren, an dem das erworbene Wissen in einer von der Gruppe entworfenen Party oder extravaganten Veranstaltung materialisiert wird.<\/p>\n\n\n\n<p>17.11. bis 18.11.2022, mit Abschlussveranstaltung am 19.11.<\/p>\n\n\n\n<p>Die Teilnehmenden k\u00f6nnen zwischen zwei Gruppen w\u00e4hlen:<br>- eine Fr\u00fchgruppe (11.00 - 13.00 Uhr) sowie<br>eine Abendgruppe (19:00 - 21:00 Uhr)<br>Abschlussveranstaltung: 19. November, 19 Uhr f\u00fcr alle<\/p>\n\n\n\n<p>Die Teilnahme ist kostenlos.<\/p>\n\n\n\n<p>Bei Bedarf bieten wir f\u00fcr die Teilnehmer*innen der Fr\u00fchgruppe eine Kinderbetreuung an. Bitte gib uns hierzu ggf. Bescheid.<\/p>\n\n\n\n<p>Der Workshop findet statt in der GAK-Gesellschaft f\u00fcr Aktuelle Kunst e.V.<br>Teerhof 21, D 28199 Bremen  <br><a rel=\"noreferrer noopener\" href=\"https:\/\/goo.gl\/maps\/ofatkE4iTv7FgbUX6\" target=\"_blank\">(Auf Google-Maps anzeigen lassen)<\/a><\/p>\n\n\n\n<p><a href=\"https:\/\/bardoamanha.de\/de\/about-bar-do-amanha\/\" data-type=\"page\" data-id=\"97\">\u00dcber Bar do Amanh\u00e3<\/a><\/p>\n\n\n\n<p><\/p>","protected":false},"excerpt":{"rendered":"<p>Please register for the workshop here: https:\/\/forms.gle\/pWiWe41ACC5f7KRRA What Is Your Image of Welcoming?For the Coming Social Transformation We Will Need Places to Party Bar do Amanh\u00e3 invites you to this workshop to investigate collaboratively other forms of hospitality, in a transversal, peripheral, itinerant and radical way. We will share the ways how cultures of welcoming &hellip; <\/p>\n<p class=\"link-more\"><a href=\"https:\/\/bardoamanha.de\/de\/\" class=\"more-link\">Mehr <span class=\"screen-reader-text\">\u00fcber &#8220;Workshop Nov. 17. &#8211; 19. 2022&#8221; <\/span>Lesen<\/a><\/p>","protected":false},"author":1,"featured_media":0,"parent":0,"menu_order":0,"comment_status":"closed","ping_status":"closed","template":"","meta":{"footnotes":""},"class_list":["post-31","page","type-page","status-publish","hentry"],"featured_media_urls":[],"_links":{"self":[{"href":"https:\/\/bardoamanha.de\/de\/wp-json\/wp\/v2\/pages\/31","targetHints":{"allow":["GET"]}}],"collection":[{"href":"https:\/\/bardoamanha.de\/de\/wp-json\/wp\/v2\/pages"}],"about":[{"href":"https:\/\/bardoamanha.de\/de\/wp-json\/wp\/v2\/types\/page"}],"author":[{"embeddable":true,"href":"https:\/\/bardoamanha.de\/de\/wp-json\/wp\/v2\/users\/1"}],"replies":[{"embeddable":true,"href":"https:\/\/bardoamanha.de\/de\/wp-json\/wp\/v2\/comments?post=31"}],"version-history":[{"count":11,"href":"https:\/\/bardoamanha.de\/de\/wp-json\/wp\/v2\/pages\/31\/revisions"}],"predecessor-version":[{"id":124,"href":"https:\/\/bardoamanha.de\/de\/wp-json\/wp\/v2\/pages\/31\/revisions\/124"}],"wp:attachment":[{"href":"https:\/\/bardoamanha.de\/de\/wp-json\/wp\/v2\/media?parent=31"}],"curies":[{"name":"wp","href":"https:\/\/api.w.org\/{rel}","templated":true}]}}